{"id":93,"date":"2019-10-03T07:59:25","date_gmt":"2019-10-03T07:59:25","guid":{"rendered":"https:\/\/rdg.gt\/home\/about-us\/"},"modified":"2024-08-02T15:05:30","modified_gmt":"2024-08-02T21:05:30","slug":"acerca-de","status":"publish","type":"page","link":"https:\/\/rdg.gt\/home\/acerca-de\/","title":{"rendered":"Acerca de Nosotros"},"content":{"rendered":"\t\t<div data-elementor-type=\"wp-page\" data-elementor-id=\"93\" class=\"elementor elementor-93\">\n\t\t\t\t\t\t<section class=\"elementor-section elementor-top-section elementor-element elementor-element-864f766 elementor-section-boxed elementor-section-height-default elementor-section-height-default\" data-id=\"864f766\" data-element_type=\"section\">\n\t\t\t\t\t\t<div class=\"elementor-container elementor-column-gap-default\">\n\t\t\t\t\t<div class=\"aux-parallax-section elementor-column elementor-col-100 elementor-top-column elementor-element elementor-element-ca3083e\" data-id=\"ca3083e\" data-element_type=\"column\">\n\t\t\t<div class=\"elementor-widget-wrap elementor-element-populated\">\n\t\t\t\t\t\t<div class=\"elementor-element elementor-element-963cf0f elementor-widget elementor-widget-spacer\" data-id=\"963cf0f\" data-element_type=\"widget\" data-widget_type=\"spacer.default\">\n\t\t\t\t<div class=\"elementor-widget-container\">\n\t\t\t\t\t<div class=\"elementor-spacer\">\n\t\t\t<div class=\"elementor-spacer-inner\"><\/div>\n\t\t<\/div>\n\t\t\t\t<\/div>\n\t\t\t\t<\/div>\n\t\t\t\t<div class=\"elementor-element elementor-element-627381e elementor-widget elementor-widget-heading\" data-id=\"627381e\" data-element_type=\"widget\" data-widget_type=\"heading.default\">\n\t\t\t\t<div class=\"elementor-widget-container\">\n\t\t\t<h2 class=\"elementor-heading-title elementor-size-large\">SOMOS EXPERTOS EN IMAGEN CORPORATIVA<\/h2>\t\t<\/div>\n\t\t\t\t<\/div>\n\t\t\t\t<div class=\"elementor-element elementor-element-b9e3e90 elementor-widget elementor-widget-spacer\" data-id=\"b9e3e90\" data-element_type=\"widget\" data-widget_type=\"spacer.default\">\n\t\t\t\t<div class=\"elementor-widget-container\">\n\t\t\t\t\t<div class=\"elementor-spacer\">\n\t\t\t<div class=\"elementor-spacer-inner\"><\/div>\n\t\t<\/div>\n\t\t\t\t<\/div>\n\t\t\t\t<\/div>\n\t\t\t\t\t<\/div>\n\t\t<\/div>\n\t\t\t\t\t<\/div>\n\t\t<\/section>\n\t\t\t\t<section class=\"elementor-section elementor-top-section elementor-element elementor-element-9fd2299 elementor-section-content-middle elementor-section-boxed elementor-section-height-default elementor-section-height-default\" data-id=\"9fd2299\" data-element_type=\"section\">\n\t\t\t\t\t\t<div class=\"elementor-container elementor-column-gap-wide\">\n\t\t\t\t\t<div class=\"aux-parallax-section elementor-column elementor-col-50 elementor-top-column elementor-element elementor-element-55df067\" data-id=\"55df067\" data-element_type=\"column\">\n\t\t\t<div class=\"elementor-widget-wrap elementor-element-populated\">\n\t\t\t\t\t\t<div class=\"elementor-element elementor-element-55ee5b6 elementor-widget elementor-widget-image\" data-id=\"55ee5b6\" data-element_type=\"widget\" data-widget_type=\"image.default\">\n\t\t\t\t<div class=\"elementor-widget-container\">\n\t\t\t\t\t\t\t\t\t\t\t\t\t<img fetchpriority=\"high\" decoding=\"async\" width=\"439\" height=\"312\" src=\"https:\/\/rdg.gt\/home\/wp-content\/uploads\/2020\/04\/rotulored.png\" class=\"attachment-large size-large wp-image-605\" alt=\"\" srcset=\"https:\/\/rdg.gt\/home\/wp-content\/uploads\/2020\/04\/rotulored.png 439w, https:\/\/rdg.gt\/home\/wp-content\/uploads\/2020\/04\/rotulored-300x213.png 300w\" sizes=\"(max-width: 439px) 100vw, 439px\" \/>\t\t\t\t\t\t\t\t\t\t\t\t\t<\/div>\n\t\t\t\t<\/div>\n\t\t\t\t\t<\/div>\n\t\t<\/div>\n\t\t\t\t<div class=\"aux-parallax-section elementor-column elementor-col-50 elementor-top-column elementor-element elementor-element-4cb3df0\" data-id=\"4cb3df0\" data-element_type=\"column\">\n\t\t\t<div class=\"elementor-widget-wrap elementor-element-populated\">\n\t\t\t\t\t\t<div class=\"elementor-element elementor-element-aaf1796 elementor-widget elementor-widget-heading\" data-id=\"aaf1796\" data-element_type=\"widget\" data-widget_type=\"heading.default\">\n\t\t\t\t<div class=\"elementor-widget-container\">\n\t\t\t<span class=\"elementor-heading-title elementor-size-medium\">Con m\u00e1s de <b>25 a\u00f1os de experiencia<\/b> en el mercado Guatemalteco y Centroamericano, aportamos soluciones para la imagen corporativa a las empresas m\u00e1s innovadoras de la regi\u00f3n<br><br>Elaboramos materiales de calidad para la promoci\u00f3n, renovaci\u00f3n, y el mantenimiento de la imagen de nuestros clientes, sus productos y servicios<br><br>En RDG creemos que <b>las mejores ideas merecen exhibirse<\/b><\/span>\t\t<\/div>\n\t\t\t\t<\/div>\n\t\t\t\t\t<\/div>\n\t\t<\/div>\n\t\t\t\t\t<\/div>\n\t\t<\/section>\n\t\t\t\t<section class=\"elementor-section elementor-top-section elementor-element elementor-element-484d2ec elementor-section-boxed elementor-section-height-default elementor-section-height-default\" data-id=\"484d2ec\" data-element_type=\"section\">\n\t\t\t\t\t\t<div class=\"elementor-container elementor-column-gap-default\">\n\t\t\t\t\t<div class=\"aux-parallax-section elementor-column elementor-col-100 elementor-top-column elementor-element elementor-element-3b16326\" data-id=\"3b16326\" data-element_type=\"column\">\n\t\t\t<div class=\"elementor-widget-wrap\">\n\t\t\t\t\t\t\t<\/div>\n\t\t<\/div>\n\t\t\t\t\t<\/div>\n\t\t<\/section>\n\t\t\t\t<\/div>\n\t\t\t\t<div class=\"wpulike wpulike-default \" ><div class=\"wp_ulike_general_class wp_ulike_is_not_liked\"><button type=\"button\"\n\t\t\t\t\taria-label=\"Like Button\"\n\t\t\t\t\tdata-ulike-id=\"93\"\n\t\t\t\t\tdata-ulike-nonce=\"4fcb7d779a\"\n\t\t\t\t\tdata-ulike-type=\"likeThis\"\n\t\t\t\t\tdata-ulike-template=\"wpulike-default\"\n\t\t\t\t\tdata-ulike-display-likers=\"0\"\n\t\t\t\t\tdata-ulike-disable-pophover=\"0\"\n\t\t\t\t\tclass=\"wp_ulike_btn wp_ulike_put_image wp_likethis_93\"><\/button><span class=\"count-box\">0<\/span>\t\t\t<\/div><\/div>\n\t","protected":false},"excerpt":{"rendered":"<p>SOMOS EXPERTOS EN IMAGEN CORPORATIVA Con m\u00e1s de 25 a\u00f1os de experiencia en el mercado Guatemalteco y Centroamericano, aportamos soluciones para la imagen corporativa a las empresas m\u00e1s innovadoras de la regi\u00f3n Elaboramos materiales de calidad para la promoci\u00f3n, renovaci\u00f3n, y el mantenimiento de la imagen de nuestros clientes, sus productos y servicios En RDG [&hellip;]<\/p>\n","protected":false},"author":1,"featured_media":0,"parent":0,"menu_order":0,"comment_status":"closed","ping_status":"closed","template":"templates\/page-builder-content.php","meta":{"footnotes":""},"class_list":["post-93","page","type-page","status-publish","hentry"],"_links":{"self":[{"href":"https:\/\/rdg.gt\/home\/wp-json\/wp\/v2\/pages\/93"}],"collection":[{"href":"https:\/\/rdg.gt\/home\/wp-json\/wp\/v2\/pages"}],"about":[{"href":"https:\/\/rdg.gt\/home\/wp-json\/wp\/v2\/types\/page"}],"author":[{"embeddable":true,"href":"https:\/\/rdg.gt\/home\/wp-json\/wp\/v2\/users\/1"}],"replies":[{"embeddable":true,"href":"https:\/\/rdg.gt\/home\/wp-json\/wp\/v2\/comments?post=93"}],"version-history":[{"count":31,"href":"https:\/\/rdg.gt\/home\/wp-json\/wp\/v2\/pages\/93\/revisions"}],"predecessor-version":[{"id":864,"href":"https:\/\/rdg.gt\/home\/wp-json\/wp\/v2\/pages\/93\/revisions\/864"}],"wp:attachment":[{"href":"https:\/\/rdg.gt\/home\/wp-json\/wp\/v2\/media?parent=93"}],"curies":[{"name":"wp","href":"https:\/\/api.w.org\/{rel}","templated":true}]}}